{"id":1163,"date":"2018-01-05T14:38:32","date_gmt":"2018-01-05T16:38:32","guid":{"rendered":"http:\/\/npj.jur.puc-rio.br\/?page_id=1163"},"modified":"2025-03-17T12:56:14","modified_gmt":"2025-03-17T15:56:14","slug":"atendimento","status":"publish","type":"page","link":"https:\/\/npj.jur.puc-rio.br\/?page_id=1163","title":{"rendered":"Atendimentos"},"content":{"rendered":"\t\t<div data-elementor-type=\"wp-page\" data-elementor-id=\"1163\" class=\"elementor elementor-1163\">\n\t\t\t\t\t\t<section class=\"elementor-section elementor-top-section elementor-element elementor-element-43ebaa91 elementor-section-boxed elementor-section-height-default elementor-section-height-default\" data-id=\"43ebaa91\" data-element_type=\"section\" data-e-type=\"section\">\n\t\t\t\t\t\t<div class=\"elementor-container elementor-column-gap-default\">\n\t\t\t\t\t<div class=\"elementor-column elementor-col-100 elementor-top-column elementor-element elementor-element-6046763e\" data-id=\"6046763e\" data-element_type=\"column\" data-e-type=\"column\">\n\t\t\t<div class=\"elementor-widget-wrap elementor-element-populated\">\n\t\t\t\t\t\t<div class=\"elementor-element elementor-element-38472d3f elementor-widget elementor-widget-text-editor\" data-id=\"38472d3f\" data-element_type=\"widget\" data-e-type=\"widget\" data-widget_type=\"text-editor.default\">\n\t\t\t\t<div class=\"elementor-widget-container\">\n\t\t\t\t\t\t\t\t\t<p style=\"text-align: left;\"><strong>Requisitos para o atendimento jur\u00eddico<\/strong><br \/>N\u00e3o ter advogado<br \/>N\u00e3o ter processo iniciado<\/p><p><strong>Documenta\u00e7\u00e3o Necess\u00e1ria<\/strong><br \/>CPF<br \/>Comprovante de Resid\u00eancia<br \/>RG<\/p><p><strong>Renda<\/strong><br \/>Renda mensal de at\u00e9 seis sal\u00e1rios m\u00ednimos (R$ 8.472,00)<\/p><p><strong>Morar nos bairros (exceto processos trabalhistas)<\/strong><\/p><p class=\"MsoNormal\" style=\"text-align: left;\"><span style=\"font-size: 11.5pt; line-height: 107%; font-family: 'Open Sans', sans-serif; background-image: initial; background-position: initial; background-size: initial; background-repeat: initial; background-attachment: initial; background-origin: initial; background-clip: initial;\">AEROPORTO\u00a0\u2013 ALTO DA BOA VISTA\u00a0\u2013 ANDARA\u00cd\u00a0\u2013 BENFICA\u00a0\u2013<\/span>BOTAFOGO \u2013 CAJ\u00da\u00a0\u2013 CASTELO\u00a0\u2013\u00a0CATETE \u2013\u00a0CATUMBI\u00a0\u2013CENTRO\u00a0\u2013 CIDADE NOVA &#8211; COPACABANA\u00a0\u2013 COSME VELHO\u00a0\u2013 EST\u00c1CIO \u2013\u00a0F\u00c1TIMA\u00a0 \u2013 FLAMENGO \u2013 GAMBOA \u2013 G\u00c1VEA \u2013 GL\u00d3RIA\u00a0\u2013 GRAJA\u00da \u2013 HUMAIT\u00c1 \u2013 IPANEMA\u00a0\u2013\u00a0<span style=\"letter-spacing: 0px;\">JARDIM BOT\u00c2NICO \u2013\u00a0 LAGOA \u2013 LAPA\u00a0\u2013 LARANJEIRAS\u00a0\u2013LEBLON\u00a0\u2013 LEME \u2013 MANGUEIRA\u00a0\u2013 MARACAN\u00c3\u00a0\u2013 PAQUET\u00c1 \u2013 PRA\u00c7A DA\u00a0BANDEIRA\u00a0\u2013 PRA\u00c7AMAU\u00c1\u00a0\u2013 RIO COMPRIDO\u00a0\u2013 ROCINHA\u00a0\u2013 SANTA\u00a0TERESA\u00a0\u2013\u00a0SANTO CRISTO\u00a0\u2013 S\u00c3O CONRADO\u00a0\u2013 S\u00c3O CRIST\u00d3V\u00c3O\u00a0\u2013\u00a0SA\u00daDE \u2013 TIJUCA\u00a0\u2013 TRIAGEM\u00a0\u2013 URCA\u00a0\u2013 VASCO DA GAMA\u00a0\u2013\u00a0VIDIGAL\u00a0\u2013 VILA ISABEL<\/span><\/p><p style=\"text-align: justify;\">\u00a0<\/p>\t\t\t\t\t\t\t\t<\/div>\n\t\t\t\t<\/div>\n\t\t\t\t\t<\/div>\n\t\t<\/div>\n\t\t\t\t\t<\/div>\n\t\t<\/section>\n\t\t\t\t<\/div>\n\t\t","protected":false},"excerpt":{"rendered":"<p>Requisitos para o atendimento jur\u00eddicoN\u00e3o ter advogadoN\u00e3o ter processo iniciado Documenta\u00e7\u00e3o Necess\u00e1riaCPFComprovante de Resid\u00eanciaRG RendaRenda mensal de at\u00e9 seis sal\u00e1rios m\u00ednimos (R$ 8.472,00) Morar nos bairros (exceto processos trabalhistas) AEROPORTO\u00a0\u2013&#8230;<\/p>\n","protected":false},"author":1,"featured_media":0,"parent":0,"menu_order":0,"comment_status":"closed","ping_status":"closed","template":"","meta":{"footnotes":""},"class_list":["post-1163","page","type-page","status-publish","hentry"],"_links":{"self":[{"href":"https:\/\/npj.jur.puc-rio.br\/index.php?rest_route=\/wp\/v2\/pages\/1163","targetHints":{"allow":["GET"]}}],"collection":[{"href":"https:\/\/npj.jur.puc-rio.br\/index.php?rest_route=\/wp\/v2\/pages"}],"about":[{"href":"https:\/\/npj.jur.puc-rio.br\/index.php?rest_route=\/wp\/v2\/types\/page"}],"author":[{"embeddable":true,"href":"https:\/\/npj.jur.puc-rio.br\/index.php?rest_route=\/wp\/v2\/users\/1"}],"replies":[{"embeddable":true,"href":"https:\/\/npj.jur.puc-rio.br\/index.php?rest_route=%2Fwp%2Fv2%2Fcomments&post=1163"}],"version-history":[{"count":16,"href":"https:\/\/npj.jur.puc-rio.br\/index.php?rest_route=\/wp\/v2\/pages\/1163\/revisions"}],"predecessor-version":[{"id":2673,"href":"https:\/\/npj.jur.puc-rio.br\/index.php?rest_route=\/wp\/v2\/pages\/1163\/revisions\/2673"}],"wp:attachment":[{"href":"https:\/\/npj.jur.puc-rio.br\/index.php?rest_route=%2Fwp%2Fv2%2Fmedia&parent=1163"}],"curies":[{"name":"wp","href":"https:\/\/api.w.org\/{rel}","templated":true}]}}