{"id":1040,"date":"2017-12-16T11:06:12","date_gmt":"2017-12-16T13:06:12","guid":{"rendered":"http:\/\/npj.jur.puc-rio.br\/?page_id=1040"},"modified":"2025-03-17T15:21:55","modified_gmt":"2025-03-17T18:21:55","slug":"fale-conosco","status":"publish","type":"page","link":"https:\/\/npj.jur.puc-rio.br\/?page_id=1040","title":{"rendered":"Fale Conosco"},"content":{"rendered":"<p align=\"left\"><strong>Hor\u00e1rio de Atendimento<\/strong><\/p>\n<p><strong>Triagem\u00a0<\/strong><br \/>\nSeg a Sex: 09h00 \u00e0s 13h00<br \/>\nTel \u2013 (21) 3527-1643 \/ 3527-1644<br \/>\nE-mail: npj@puc-rio.br<\/p>\n<p><strong>Procon<br \/>\n<\/strong>Seg a Sex: 14h30 \u00e0s 18h30<br \/>\nTel \u2013 (21) 3527-1398 \/ 3527-1399<br \/>\nE-mail: proconpuc3@puc-rio.br<\/p>\n<p><strong>Fale conosco: <\/strong><a href=\"https:\/\/sgu.rdc.puc-rio.br\/SGUWeb\/protocolo\/WLoginProtocoloGenerico.aspx?idCC=557\"><b>\u00a0Atendimento PUC<\/b><\/a><\/p>\n<p align=\"left\"><strong>Endere\u00e7o<\/strong><\/p>\n<p>Rua Marqu\u00eas de S\u00e3o Vicente, 225, G\u00e1vea &#8211;<br \/>\nRio de Janeiro, RJ &#8211; Brasil &#8211; 22451-900\u00a0 \u00a0 \u00a0 (Pr\u00e9dio Cardeal Leme)<\/p>\n<p>Como chegar<\/p>\n<p><iframe title=\"R. Marqu\u00eas de S\u00e3o Vicente, 225 - G\u00e1vea\" src=\"https:\/\/maps.google.com\/maps?q=R.%20Marqu%C3%AAs%20de%20S%C3%A3o%20Vicente%2C%20225%20-%20G%C3%A1vea&amp;t=m&amp;z=10&amp;output=embed&amp;iwloc=near\" aria-label=\"R. Marqu\u00eas de S\u00e3o Vicente, 225 - G\u00e1vea\"><\/iframe><\/p>\n","protected":false},"excerpt":{"rendered":"<p>Hor\u00e1rio de Atendimento Triagem\u00a0 Seg a Sex: 09h00 \u00e0s 13h00 Tel \u2013 (21) 3527-1643 \/ 3527-1644 E-mail: npj@puc-rio.br Procon Seg a Sex: 14h30 \u00e0s 18h30 Tel \u2013 (21) 3527-1398 \/&#8230;<\/p>\n","protected":false},"author":1,"featured_media":0,"parent":0,"menu_order":0,"comment_status":"closed","ping_status":"closed","template":"","meta":{"footnotes":""},"class_list":["post-1040","page","type-page","status-publish","hentry"],"_links":{"self":[{"href":"https:\/\/npj.jur.puc-rio.br\/index.php?rest_route=\/wp\/v2\/pages\/1040","targetHints":{"allow":["GET"]}}],"collection":[{"href":"https:\/\/npj.jur.puc-rio.br\/index.php?rest_route=\/wp\/v2\/pages"}],"about":[{"href":"https:\/\/npj.jur.puc-rio.br\/index.php?rest_route=\/wp\/v2\/types\/page"}],"author":[{"embeddable":true,"href":"https:\/\/npj.jur.puc-rio.br\/index.php?rest_route=\/wp\/v2\/users\/1"}],"replies":[{"embeddable":true,"href":"https:\/\/npj.jur.puc-rio.br\/index.php?rest_route=%2Fwp%2Fv2%2Fcomments&post=1040"}],"version-history":[{"count":12,"href":"https:\/\/npj.jur.puc-rio.br\/index.php?rest_route=\/wp\/v2\/pages\/1040\/revisions"}],"predecessor-version":[{"id":2676,"href":"https:\/\/npj.jur.puc-rio.br\/index.php?rest_route=\/wp\/v2\/pages\/1040\/revisions\/2676"}],"wp:attachment":[{"href":"https:\/\/npj.jur.puc-rio.br\/index.php?rest_route=%2Fwp%2Fv2%2Fmedia&parent=1040"}],"curies":[{"name":"wp","href":"https:\/\/api.w.org\/{rel}","templated":true}]}}