{"id":1024,"date":"2017-12-14T15:21:11","date_gmt":"2017-12-14T17:21:11","guid":{"rendered":"http:\/\/npj.jur.puc-rio.br\/?page_id=1024"},"modified":"2024-10-21T17:18:35","modified_gmt":"2024-10-21T20:18:35","slug":"areas","status":"publish","type":"page","link":"https:\/\/npj.jur.puc-rio.br\/?page_id=1024","title":{"rendered":"Profissionais"},"content":{"rendered":"\t\t<div data-elementor-type=\"wp-post\" data-elementor-id=\"1024\" class=\"elementor elementor-1024\">\n\t\t\t\t\t\t<section class=\"elementor-section elementor-top-section elementor-element elementor-element-332b22d elementor-section-stretched elementor-section-full_width elementor-section-height-default elementor-section-height-default\" data-id=\"332b22d\" data-element_type=\"section\" data-e-type=\"section\" data-settings=\"{&quot;stretch_section&quot;:&quot;section-stretched&quot;}\">\n\t\t\t\t\t\t<div class=\"elementor-container elementor-column-gap-default\">\n\t\t\t\t\t<div class=\"elementor-column elementor-col-100 elementor-top-column elementor-element elementor-element-809d70d\" data-id=\"809d70d\" data-element_type=\"column\" data-e-type=\"column\">\n\t\t\t<div class=\"elementor-widget-wrap elementor-element-populated\">\n\t\t\t\t\t\t<section class=\"elementor-section elementor-inner-section elementor-element elementor-element-e431ced elementor-section-full_width elementor-section-height-default elementor-section-height-default\" data-id=\"e431ced\" data-element_type=\"section\" data-e-type=\"section\">\n\t\t\t\t\t\t<div class=\"elementor-container elementor-column-gap-narrow\">\n\t\t\t\t\t<div class=\"elementor-column elementor-col-12 elementor-inner-column elementor-element elementor-element-4e05893\" data-id=\"4e05893\" data-element_type=\"column\" data-e-type=\"column\">\n\t\t\t<div class=\"elementor-widget-wrap elementor-element-populated\">\n\t\t\t\t\t\t<div class=\"elementor-element elementor-element-4263132 elementor-widget__width-initial elementor-widget elementor-widget-text-editor\" data-id=\"4263132\" data-element_type=\"widget\" data-e-type=\"widget\" data-widget_type=\"text-editor.default\">\n\t\t\t\t<div class=\"elementor-widget-container\">\n\t\t\t\t\t\t\t\t\t<p>\u00a0<\/p><p><span style=\"letter-spacing: 0px;\">\u00a0<\/span><\/p>\t\t\t\t\t\t\t\t<\/div>\n\t\t\t\t<\/div>\n\t\t\t\t\t<\/div>\n\t\t<\/div>\n\t\t\t\t<div class=\"elementor-column elementor-col-12 elementor-inner-column elementor-element elementor-element-fb04fe1\" data-id=\"fb04fe1\" data-element_type=\"column\" data-e-type=\"column\">\n\t\t\t<div class=\"elementor-widget-wrap elementor-element-populated\">\n\t\t\t\t\t\t<div class=\"elementor-element elementor-element-094aa3a elementor-widget__width-initial elementor-widget elementor-widget-text-editor\" data-id=\"094aa3a\" data-element_type=\"widget\" data-e-type=\"widget\" data-widget_type=\"text-editor.default\">\n\t\t\t\t<div class=\"elementor-widget-container\">\n\t\t\t\t\t\t\t\t\t<p>\u00a0<\/p><p><span style=\"letter-spacing: 0px;\">\u00a0<\/span><\/p>\t\t\t\t\t\t\t\t<\/div>\n\t\t\t\t<\/div>\n\t\t\t\t\t<\/div>\n\t\t<\/div>\n\t\t\t\t<div class=\"elementor-column elementor-col-12 elementor-inner-column elementor-element elementor-element-02fe6dd\" data-id=\"02fe6dd\" data-element_type=\"column\" data-e-type=\"column\">\n\t\t\t<div class=\"elementor-widget-wrap elementor-element-populated\">\n\t\t\t\t\t\t<div class=\"elementor-element elementor-element-f12f7ba elementor-widget elementor-widget-text-editor\" data-id=\"f12f7ba\" data-element_type=\"widget\" data-e-type=\"widget\" data-widget_type=\"text-editor.default\">\n\t\t\t\t<div class=\"elementor-widget-container\">\n\t\t\t\t\t\t\t\t\t<p><b>Coordena\u00e7\u00e3o<\/b><\/p><p>Ana Paula Santoro<\/p><p>In\u00eas Alegria Rocumback<\/p><p><b>Servi\u00e7o Social<\/b><\/p><p>Luciana Queiros<\/p><p><b>Supervis\u00e3o Administrativa<\/b><\/p><p>Leopoldo Pereira<\/p><p><b>Secretaria<\/b><\/p><p>Priscilla Torres<b><br \/><\/b><\/p><p>Rosangela Luiza<\/p><p><span style=\"font-weight: bolder;\">Psicologia Jur\u00eddica<br \/><\/span><\/p><p>Ant\u00f4nio Carlos da Silva<\/p>\t\t\t\t\t\t\t\t<\/div>\n\t\t\t\t<\/div>\n\t\t\t\t\t<\/div>\n\t\t<\/div>\n\t\t\t\t<div class=\"elementor-column elementor-col-12 elementor-inner-column elementor-element elementor-element-c1f6a3f\" data-id=\"c1f6a3f\" data-element_type=\"column\" data-e-type=\"column\">\n\t\t\t<div class=\"elementor-widget-wrap elementor-element-populated\">\n\t\t\t\t\t\t<div class=\"elementor-element elementor-element-d6291f5 elementor-widget__width-initial elementor-widget elementor-widget-text-editor\" data-id=\"d6291f5\" data-element_type=\"widget\" data-e-type=\"widget\" data-widget_type=\"text-editor.default\">\n\t\t\t\t<div class=\"elementor-widget-container\">\n\t\t\t\t\t\t\t\t\t<p><span style=\"font-weight: bolder; letter-spacing: 0px;\">Assessoria a Startups<\/span><\/p>\n<p><span style=\"letter-spacing: 0px;\">F<\/span><span style=\"letter-spacing: 0px;\">elipe Acioli<\/span><\/p>\n<p><span style=\"letter-spacing: 0px;\">Paula Moura<\/span><\/p>\n<p><strong style=\"letter-spacing: 0px;\">Direito Civil<\/strong><\/p>\n<p>Adriano Barcelos<\/p>\n<p>Beatriz Roland<\/p>\n<p><span style=\"letter-spacing: 0px;\">Bruno Eiras<\/span><\/p>\n<p><span style=\"letter-spacing: 0px;\">Evandro Lima<\/span><\/p>\n<p><span style=\"letter-spacing: 0px;\"><span style=\"font-weight: bold;\">Direito Desportivo<\/span><\/span><\/p>\n<p><span style=\"letter-spacing: 0px;\">Job Gomes<\/span><\/p>\n<p><span style=\"font-weight: bold;\">Direito dos Contratos<\/span><\/p>\n<p>Paula Moura<\/p>\n<div>&nbsp;<\/div>\t\t\t\t\t\t\t\t<\/div>\n\t\t\t\t<\/div>\n\t\t\t\t\t<\/div>\n\t\t<\/div>\n\t\t\t\t<div class=\"elementor-column elementor-col-12 elementor-inner-column elementor-element elementor-element-a0acc10\" data-id=\"a0acc10\" data-element_type=\"column\" data-e-type=\"column\">\n\t\t\t<div class=\"elementor-widget-wrap elementor-element-populated\">\n\t\t\t\t\t\t<div class=\"elementor-element elementor-element-aa64d3d elementor-widget__width-initial elementor-widget elementor-widget-text-editor\" data-id=\"aa64d3d\" data-element_type=\"widget\" data-e-type=\"widget\" data-widget_type=\"text-editor.default\">\n\t\t\t\t<div class=\"elementor-widget-container\">\n\t\t\t\t\t\t\t\t\t<p><strong>Direito Empresarial<\/strong><\/p><p>Felipe Acioli<\/p><p><strong style=\"letter-spacing: 0px;\">Direito das Sucess\u00f5es<\/strong><\/p><p>Pedro Matias<\/p><p><strong>Direito de Fam\u00edlia<\/strong><\/p><p>Evandro Lima<span style=\"letter-spacing: 0px;\"><br \/><\/span><\/p><p><span style=\"letter-spacing: 0px;\">In\u00eas Alegria<\/span><\/p><p><span style=\"font-weight: bolder; letter-spacing: 0px;\">Direito Penal\u00a0<\/span><\/p><p>Agnes Christian<\/p><p>Andr\u00e9 Perecmanis<\/p><p>Breno Melaragno<\/p><p><span style=\"letter-spacing: 0px;\">Ivan Santiago<\/span><\/p>\t\t\t\t\t\t\t\t<\/div>\n\t\t\t\t<\/div>\n\t\t\t\t\t<\/div>\n\t\t<\/div>\n\t\t\t\t<div class=\"elementor-column elementor-col-12 elementor-inner-column elementor-element elementor-element-66c3107\" data-id=\"66c3107\" data-element_type=\"column\" data-e-type=\"column\">\n\t\t\t<div class=\"elementor-widget-wrap elementor-element-populated\">\n\t\t\t\t\t\t<div class=\"elementor-element elementor-element-381e592 elementor-widget elementor-widget-text-editor\" data-id=\"381e592\" data-element_type=\"widget\" data-e-type=\"widget\" data-widget_type=\"text-editor.default\">\n\t\t\t\t<div class=\"elementor-widget-container\">\n\t\t\t\t\t\t\t\t\t<p><strong style=\"letter-spacing: 0px;\">Direito Previdenci\u00e1rio<\/strong><\/p><p>Job Gomes<\/p><p><strong>Direito do Trabalho<\/strong><\/p><p>Ana Luisa Palmisciano<\/p><p>Daniela Brand\u00e3o<\/p><p>Daniele Gueiros<\/p><p><span style=\"letter-spacing: 0px;\">Juliana Bracks<\/span><\/p><p><strong>Direito Possess\u00f3rio<\/strong><\/p><p>Rafael Mendon\u00e7a<\/p>\t\t\t\t\t\t\t\t<\/div>\n\t\t\t\t<\/div>\n\t\t\t\t\t<\/div>\n\t\t<\/div>\n\t\t\t\t<div class=\"elementor-column elementor-col-12 elementor-inner-column elementor-element elementor-element-e1b323a\" data-id=\"e1b323a\" data-element_type=\"column\" data-e-type=\"column\">\n\t\t\t<div class=\"elementor-widget-wrap elementor-element-populated\">\n\t\t\t\t\t\t<div class=\"elementor-element elementor-element-6a654d8 elementor-widget__width-initial elementor-widget elementor-widget-text-editor\" data-id=\"6a654d8\" data-element_type=\"widget\" data-e-type=\"widget\" data-widget_type=\"text-editor.default\">\n\t\t\t\t<div class=\"elementor-widget-container\">\n\t\t\t\t\t\t\t\t\t<p><span style=\"font-weight: bolder;\">Arbitragem<\/span><\/p><p>Alexandre\u00a0 Assed<\/p><p><strong>GIMEC\u00a0<\/strong><\/p><p><span style=\"letter-spacing: 0px;\">Ana Paula Santoro<\/span><\/p><p>Fernanda Pradal<\/p><p>Mia Reis<\/p><p>Samantha Pelajo<\/p><p><b>Justi\u00e7a Restaurativa<\/b><\/p><p>Fernanda Pradal<\/p><p>\u00a0<\/p>\t\t\t\t\t\t\t\t<\/div>\n\t\t\t\t<\/div>\n\t\t\t\t\t<\/div>\n\t\t<\/div>\n\t\t\t\t<div class=\"elementor-column elementor-col-12 elementor-inner-column elementor-element elementor-element-f60ad52\" data-id=\"f60ad52\" data-element_type=\"column\" data-e-type=\"column\">\n\t\t\t<div class=\"elementor-widget-wrap elementor-element-populated\">\n\t\t\t\t\t\t\t<\/div>\n\t\t<\/div>\n\t\t\t\t\t<\/div>\n\t\t<\/section>\n\t\t\t\t\t<\/div>\n\t\t<\/div>\n\t\t\t\t\t<\/div>\n\t\t<\/section>\n\t\t\t\t<section class=\"elementor-section elementor-top-section elementor-element elementor-element-5b639ea elementor-section-boxed elementor-section-height-default elementor-section-height-default\" data-id=\"5b639ea\" data-element_type=\"section\" data-e-type=\"section\">\n\t\t\t\t\t\t<div class=\"elementor-container elementor-column-gap-default\">\n\t\t\t\t\t<div class=\"elementor-column elementor-col-100 elementor-top-column elementor-element elementor-element-f23c9fc\" data-id=\"f23c9fc\" data-element_type=\"column\" data-e-type=\"column\">\n\t\t\t<div class=\"elementor-widget-wrap\">\n\t\t\t\t\t\t\t<\/div>\n\t\t<\/div>\n\t\t\t\t\t<\/div>\n\t\t<\/section>\n\t\t\t\t<section class=\"elementor-section elementor-top-section elementor-element elementor-element-17783b6 elementor-section-boxed elementor-section-height-default elementor-section-height-default\" data-id=\"17783b6\" data-element_type=\"section\" data-e-type=\"section\">\n\t\t\t\t\t\t<div class=\"elementor-container elementor-column-gap-default\">\n\t\t\t\t\t<div class=\"elementor-column elementor-col-100 elementor-top-column elementor-element elementor-element-f0647b9\" data-id=\"f0647b9\" data-element_type=\"column\" data-e-type=\"column\">\n\t\t\t<div class=\"elementor-widget-wrap elementor-element-populated\">\n\t\t\t\t\t\t<div class=\"elementor-element elementor-element-a4eaae0 elementor-widget elementor-widget-spacer\" data-id=\"a4eaae0\" data-element_type=\"widget\" data-e-type=\"widget\" data-widget_type=\"spacer.default\">\n\t\t\t\t<div class=\"elementor-widget-container\">\n\t\t\t\t\t\t\t<div class=\"elementor-spacer\">\n\t\t\t<div class=\"elementor-spacer-inner\"><\/div>\n\t\t<\/div>\n\t\t\t\t\t\t<\/div>\n\t\t\t\t<\/div>\n\t\t\t\t\t<\/div>\n\t\t<\/div>\n\t\t\t\t\t<\/div>\n\t\t<\/section>\n\t\t\t\t<section class=\"elementor-section elementor-top-section elementor-element elementor-element-b0b5988 elementor-section-boxed elementor-section-height-default elementor-section-height-default\" data-id=\"b0b5988\" data-element_type=\"section\" data-e-type=\"section\">\n\t\t\t\t\t\t<div class=\"elementor-container elementor-column-gap-default\">\n\t\t\t\t\t<div class=\"elementor-column elementor-col-100 elementor-top-column elementor-element elementor-element-51a8e0d\" data-id=\"51a8e0d\" data-element_type=\"column\" data-e-type=\"column\">\n\t\t\t<div class=\"elementor-widget-wrap elementor-element-populated\">\n\t\t\t\t\t\t<section class=\"elementor-section elementor-inner-section elementor-element elementor-element-1cc429b elementor-section-boxed elementor-section-height-default elementor-section-height-default\" data-id=\"1cc429b\" data-element_type=\"section\" data-e-type=\"section\">\n\t\t\t\t\t\t<div class=\"elementor-container elementor-column-gap-default\">\n\t\t\t\t\t<div class=\"elementor-column elementor-col-50 elementor-inner-column elementor-element elementor-element-a061205\" data-id=\"a061205\" data-element_type=\"column\" data-e-type=\"column\">\n\t\t\t<div class=\"elementor-widget-wrap\">\n\t\t\t\t\t\t\t<\/div>\n\t\t<\/div>\n\t\t\t\t<div class=\"elementor-column elementor-col-50 elementor-inner-column elementor-element elementor-element-920cc4d\" data-id=\"920cc4d\" data-element_type=\"column\" data-e-type=\"column\">\n\t\t\t<div class=\"elementor-widget-wrap\">\n\t\t\t\t\t\t\t<\/div>\n\t\t<\/div>\n\t\t\t\t\t<\/div>\n\t\t<\/section>\n\t\t\t\t\t<\/div>\n\t\t<\/div>\n\t\t\t\t\t<\/div>\n\t\t<\/section>\n\t\t\t\t<\/div>\n\t\t","protected":false},"excerpt":{"rendered":"<p>\u00a0 \u00a0 \u00a0 \u00a0 Coordena\u00e7\u00e3o Ana Paula Santoro In\u00eas Alegria Rocumback Servi\u00e7o Social Luciana Queiros Supervis\u00e3o Administrativa Leopoldo Pereira Secretaria Priscilla Torres Rosangela Luiza Psicologia Jur\u00eddica Ant\u00f4nio Carlos da Silva&#8230;<\/p>\n","protected":false},"author":1,"featured_media":0,"parent":0,"menu_order":0,"comment_status":"closed","ping_status":"closed","template":"","meta":{"footnotes":""},"class_list":["post-1024","page","type-page","status-publish","hentry"],"_links":{"self":[{"href":"https:\/\/npj.jur.puc-rio.br\/index.php?rest_route=\/wp\/v2\/pages\/1024","targetHints":{"allow":["GET"]}}],"collection":[{"href":"https:\/\/npj.jur.puc-rio.br\/index.php?rest_route=\/wp\/v2\/pages"}],"about":[{"href":"https:\/\/npj.jur.puc-rio.br\/index.php?rest_route=\/wp\/v2\/types\/page"}],"author":[{"embeddable":true,"href":"https:\/\/npj.jur.puc-rio.br\/index.php?rest_route=\/wp\/v2\/users\/1"}],"replies":[{"embeddable":true,"href":"https:\/\/npj.jur.puc-rio.br\/index.php?rest_route=%2Fwp%2Fv2%2Fcomments&post=1024"}],"version-history":[{"count":31,"href":"https:\/\/npj.jur.puc-rio.br\/index.php?rest_route=\/wp\/v2\/pages\/1024\/revisions"}],"predecessor-version":[{"id":2621,"href":"https:\/\/npj.jur.puc-rio.br\/index.php?rest_route=\/wp\/v2\/pages\/1024\/revisions\/2621"}],"wp:attachment":[{"href":"https:\/\/npj.jur.puc-rio.br\/index.php?rest_route=%2Fwp%2Fv2%2Fmedia&parent=1024"}],"curies":[{"name":"wp","href":"https:\/\/api.w.org\/{rel}","templated":true}]}}